{"id":47,"date":"2021-06-30T13:30:49","date_gmt":"2021-06-30T13:30:49","guid":{"rendered":"http:\/\/www.ige-art.de\/?page_id=47"},"modified":"2021-06-30T13:30:49","modified_gmt":"2021-06-30T13:30:49","slug":"shop","status":"publish","type":"page","link":"https:\/\/www.ige-art.de\/index.php\/shop\/","title":{"rendered":"Shop"},"content":{"rendered":"\n<p>Fine art prints.<\/p>\n\n\n\n<p>Das Original als Kunstdruck. Eine kosteng\u00fcnstige und doch sehr sch\u00f6ne Variante<br>Die ausgestellten Bilder k\u00f6nnen grunds\u00e4tzlich sowohl als Original oder als Druck erworben werden. Nicht verk\u00e4ufliche Originale und nur f\u00fcr den Druck verf\u00fcgbare Bilder sind mit \u201eNur Druck\u201c gekennzeichnet. Bei den Originalen bitte den Preis \u00fcber E-Mail anfragen. Die ausgewiesenen Preise sind ver\u00e4nderlich und dienen nur zu Ihrer Orientierung.<br>Die Drucke werden auf Leinwand oder Aluminiumplatten erst nach Ihrer Beauftragung bestellt. Alle Drucke sind von mir handsigniert, somit ist jedes Bild ein Unikat. Geringf\u00fcgige Abweichungen vom Original sind m\u00f6glich.<br>Die Lieferung erfolgt innerhalb von 2-3 Wochen. Die Bezahlung erfolgt per Vorkasse. Eine Rechnung mit Echtheitszertifikat liegt der Lieferung bei.<br>Wenn das Bild dann vor Ort doch nicht so passt oder nicht gef\u00e4llt, nehme ich es selbstverst\u00e4ndlich in unversehrtem Zustand gern zur\u00fcck. Ich gew\u00e4hre 2 Wochen R\u00fcckgaberecht unter Anrechnung der Versandkosten.<br>Bequemer und viel sch\u00f6ner ist nat\u00fcrlich die pers\u00f6nliche Abholung in meinem Atelier. Bitte vereinbaren Sie einen Termin.<br>Anfrage \/ Kontakt: E-Mail: ilona.genz@web.de (oder, wenn dann wieder m\u00f6glich: kontakt@ige-art.de<\/p>\n","protected":false},"excerpt":{"rendered":"<p>Fine art prints. Das Original als Kunstdruck. Eine kosteng\u00fcnstige und doch sehr sch\u00f6ne VarianteDie ausgestellten Bilder k\u00f6nnen grunds\u00e4tzlich sowohl als Original oder als Druck erworben werden. Nicht verk\u00e4ufliche Originale und [&hellip;]<\/p>\n","protected":false},"author":1,"featured_media":0,"parent":0,"menu_order":0,"comment_status":"closed","ping_status":"closed","template":"","meta":[],"_links":{"self":[{"href":"https:\/\/www.ige-art.de\/index.php\/wp-json\/wp\/v2\/pages\/47"}],"collection":[{"href":"https:\/\/www.ige-art.de\/index.php\/wp-json\/wp\/v2\/pages"}],"about":[{"href":"https:\/\/www.ige-art.de\/index.php\/wp-json\/wp\/v2\/types\/page"}],"author":[{"embeddable":true,"href":"https:\/\/www.ige-art.de\/index.php\/wp-json\/wp\/v2\/users\/1"}],"replies":[{"embeddable":true,"href":"https:\/\/www.ige-art.de\/index.php\/wp-json\/wp\/v2\/comments?post=47"}],"version-history":[{"count":1,"href":"https:\/\/www.ige-art.de\/index.php\/wp-json\/wp\/v2\/pages\/47\/revisions"}],"predecessor-version":[{"id":48,"href":"https:\/\/www.ige-art.de\/index.php\/wp-json\/wp\/v2\/pages\/47\/revisions\/48"}],"wp:attachment":[{"href":"https:\/\/www.ige-art.de\/index.php\/wp-json\/wp\/v2\/media?parent=47"}],"curies":[{"name":"wp","href":"https:\/\/api.w.org\/{rel}","templated":true}]}}